{"id":759,"date":"2018-05-24T20:51:35","date_gmt":"2018-05-24T20:51:35","guid":{"rendered":"http:\/\/schule-fuer-kinder-beruflich-reisender.de\/?page_id=759"},"modified":"2018-06-04T10:40:09","modified_gmt":"2018-06-04T10:40:09","slug":"datenschutzerklaerung","status":"publish","type":"page","link":"https:\/\/schule-fuer-kinder-beruflich-reisender.de\/?page_id=759","title":{"rendered":"Datenschutzerkl\u00e4rung"},"content":{"rendered":"<div id=\"c1684\" class=\"mask-frame row evim-layout-  \">\n<div class=\"col-md-12\">\n<p><strong>Einleitung \/ Verschwiegenheit der Mitarbeiter<\/strong><br \/>\nDer Schutz Ihrer pers\u00f6nlichen Daten ist ein wichtiger Punkt unserer t\u00e4glichen Arbeit. Grundlage bieten daf\u00fcr die Bestimmungen des Datenschutzgesetzes der Evangelischen Kirche in Deutschland (DSG-EKD), des Bundesdatenschutzgesetzes (BDSG) und andere datenschutzrechtliche Bestimmungen. Unsere Mitarbeiter sind zur Geheimhaltung und Verschwiegenheit sowie zur Einhaltung der datenschutzrechtlichen Bestimmungen verpflichtet. Die Informationen auf dieser Webseite wurden mit gro\u00dfer Sorgfalt zusammengestellt. F\u00fcr die Richtigkeit und Vollst\u00e4ndigkeit kann gleichwohl keine Gew\u00e4hr \u00fcbernommen werden. Aus diesem Grund ist jegliche Haftung f\u00fcr eventuelle Sch\u00e4den im Zusammenhang mit der Nutzung dieser Webseite ausgeschlossen. Durch die Nutzung unserer Webseite kommt keinerlei Vertragsverh\u00e4ltnis zwischen dem Nutzer und uns zustande.<\/p>\n<p><strong>Nutzung, Zweck und Dauer der Datenerhebung<\/strong><br \/>\nGrunds\u00e4tzlich ist die Angabe von personenbezogenen Daten f\u00fcr die Nutzung unserer Webseite nicht erforderlich. Wenn Sie das Kontaktformular oder das Bewerbungsformular nutzen, fragen wir Sie nach Ihrem Namen und nach anderen pers\u00f6nlichen Informationen. Es unterliegt Ihrer freien Entscheidung, ob Sie diese Daten eingeben. EVIM verwendet Ihre personenbezogenen Daten ausschlie\u00dflich zur Bearbeitung Ihrer konkreten Anfrage oder Bewerbung. Eine Verarbeitung zu anderen Zwecken erfolgt nicht. Insbesondere werden Ihre personenbezogenen Daten nicht an Dritte weitergegeben. Bitte beachten Sie, dass bei der Kommunikation mittels E-Mail die Datensicherheit im Internet nicht gew\u00e4hrleistet werden kann und wir bei vertraulichen Informationen den Postweg empfehlen. Diese vorgangbezogenen Daten speichern wir nur solange, wie sie f\u00fcr die Bearbeitung Ihrer Anfrage und ggfs. Kontaktaufnahme zu Ihnen erforderlich ist.<\/p>\n<p>Bei der Nutzung unserer Webseite speichern wir zu statistischen Zwecken Daten wie Betriebssystem, Browser, Ger\u00e4teart und Displaygr\u00f6\u00dfe, IP-Adresse und Uhrzeit. Diese Daten haben keinen Personenbezug und werden ausschlie\u00dflich zu statistischen Zwecken erhoben, um unseren Internetauftritt weiter zu optimieren. Ein optimierter Internetauftritt hilft uns, kosteneffizient zu arbeiten und damit auch sicherzustellen, Spenden bestm\u00f6glich einzusetzen. Mehr erfahren Sie im folgenden Abschnitt &#8222;Analysedienste&#8220;.<\/p>\n<p><strong>Analysedienste<\/strong><br \/>\nZur Ermittlung dieser statistischen Daten setzen wir so genannte Z\u00e4hlpixel ein, die Daten in anonymisierter Form zu Optimierungs- und Studienzwecken sammeln und speichern. Diese Messung wurde unter Beachtung des Datenschutzes entwickelt. Ihre Identit\u00e4t bleibt immer gesch\u00fctzt. Sie erhalten \u00fcber das System keine Werbung. Unserer Website verwendet Piwik, dabei handelt es sich um einen sogenannten Webanalysedienst. Piwik verwendet sog. \u201cCookies\u201d, das sind Textdateien, die auf Ihrem Computer gespeichert werden und die unsererseits eine Analyse der Benutzung der Webseite erm\u00f6glichen. Zu diesem Zweck werden die durch den Cookie erzeugten Nutzungsinformationen (einschlie\u00dflich Ihrer gek\u00fcrzten IP-Adresse) an unseren Server \u00fcbertragen und zu Nutzungsanalysezwecken gespeichert, was der Webseitenoptimierung unsererseits dient. Ihre IP-Adresse wird bei diesem Vorgang umge\u00adhend anony\u00admi\u00adsiert, so dass Sie als Nutzer f\u00fcr uns anonym bleiben. Die durch den Cookie erzeugten Informationen \u00fcber Ihre Benutzung dieser Webseite werden nicht an Dritte weitergegeben. Sie k\u00f6nnen die Verwendung der Cookies durch eine entsprechende Einstellung Ihrer Browser Software verhindern, es kann jedoch sein, dass Sie in diesem Fall gegebenenfalls nicht s\u00e4mtliche Funktionen dieser Website voll umf\u00e4nglich nutzen k\u00f6nnen.<\/p>\n<p>Wenn Sie mit der Spei\u00adche\u00adrung und Aus\u00adwer\u00adtung die\u00adser Daten aus Ihrem Besuch nicht ein\u00adver\u00adstan\u00adden sind, dann k\u00f6n\u00adnen Sie der Spei\u00adche\u00adrung und Nut\u00adzung nachfolgend per Maus\u00adklick jederzeit wider\u00adspre\u00adchen. In diesem Fall wird in Ihrem Browser ein sog. Opt-Out-Cookie abgelegt, was zur Folge hat, dass Piwik kei\u00adner\u00adlei Sit\u00adzungs\u00adda\u00adten erhebt. Achtung: Wenn Sie Ihre Cookies l\u00f6schen, so hat dies zur Folge, dass auch das Opt-Out-Cookie gel\u00f6scht wird und ggf. von Ihnen erneut aktiviert werden muss.<\/p>\n<\/div>\n<\/div>\n<div id=\"c1683\" class=\"frame frame-default frame-type-html frame-layout-0 evim-layout-\"><strong>\u00dcbermittlung an Dritte<\/strong><\/div>\n<div id=\"c949\" class=\"mask-frame row evim-layout- space-before-small \">\n<div class=\"col-md-12\">\n<p>Eine Weitergabe von Daten an Dritte erfolgt grunds\u00e4tzlich nicht, sofern dies nicht zur Erbringung der Dienstleistung oder zur Vertragsdurchf\u00fchrung notwendig ist.<\/p>\n<p><strong>Sicherheitsma\u00dfnahmen<\/strong><br \/>\nZum Schutz Ihrer bei uns vorgehaltenen personenbezogenen Daten vor unberechtigtem Zugriff und Missbrauch haben wir umfangreiche technische und betriebliche Sicherheitsvorkehrungen getroffen. Unsere Sicherheitsverfahren zum Schutz gegen Besch\u00e4digungen, Zerst\u00f6rung oder den unberechtigten Zugriff werden regelm\u00e4\u00dfig \u00fcberpr\u00fcft und dem technologischen Fortschritt angepasst. Unsere Webseiten sind mit einem Sicherheitszertifikat versehen, dass eine verschl\u00fcsselte Daten\u00fcbertrageung garantiert (SSL-Verschl\u00fcsselung). Sie erkennen dies an dem Schloss-Symbol in der Adresszeile Ihres Browsers.<\/p>\n<p><strong>Links<\/strong><br \/>\nDiese Webseite verf\u00fcgt \u00fcber Links zu externen Seiten. Wenn Sie diese Links anklicken, muss Ihnen klar sein, dass Ihre IP-Adresse in den meisten F\u00e4llen ebenfalls im Protokoll dieser Webseiten auftaucht und von diesen gespeichert wird. Wir \u00fcbernehmen keine Haftung f\u00fcr die Inhalte externer Seiten, auf die wir verlinken. Diese Datenschutzerkl\u00e4rung gilt nur f\u00fcr diese Webseite und nicht f\u00fcr Webseiten Dritter.<\/p>\n<p><strong>Auskunft und Widerruf<\/strong><br \/>\nSie erhalten jederzeit ohne Angabe von Gr\u00fcnden kostenfrei Auskunft \u00fcber Ihre bei uns gespeicherten Daten. Sie k\u00f6nnen jederzeit Ihre bei uns erhobenen Daten sperren, berichtigen oder l\u00f6schen lassen und der Datenerhebung und -speicherung zu Optimierungszwecken unserer Webseite widersprechen. Auch k\u00f6nnen Sie jederzeit die uns erteilte Einwilligung zur Datenerhebung und Verwendung ohne Angaben von Gr\u00fcnden widerrufen. Wenden Sie sich hierzu bitte an die im Impressum angegebene Kontaktadresse. Wir stehen Ihnen jederzeit gern f\u00fcr weitergehende Fragen zu unserem Hinweis zum Datenschutz und zur Verarbeitung Ihrer pers\u00f6nlichen Daten zur Verf\u00fcgung:\u00a0<a>datenschutzbeauftragter@evim.de<\/a><\/p>\n<p><strong>Cookies:<\/strong><br \/>\nDiese Webseite nutzt Cookies. Cookies sind kleine Textdateien, die von Ihrem Browser gesammelt und tempor\u00e4r auf Ihrem Rechner gespeichert werden. Sie verraten keinerlei pers\u00f6nliche Daten und k\u00f6nnen weder auf die Daten Ihrer Festplatte zugreifen noch dort Schaden anrichten. Cookies erlauben es uns beispielsweise, eine Webseite Ihren Interessen anzupassen oder Ihr Kennwort zu speichern, damit Sie dies nicht jedes Mal neu eingeben m\u00fcssen. Selbstverst\u00e4ndlich k\u00f6nnen Sie unsere Webseite auch ohne Cookies betrachten. Wenn Sie nicht m\u00f6chten, dass wir Ihren Computer wiedererkennen, k\u00f6nnen Sie das Speichern von Cookies auf Ihrer Festplatte verhindern, indem Sie in Ihren Browser-Einstellungen &#8222;keine Cookies akzeptieren&#8220; w\u00e4hlen. Wenn Sie keine Cookies akzeptieren, kann dieses aber zu Funktionseinschr\u00e4nkungen unserer Inhalte f\u00fchren.<\/p>\n<p><strong>Soziale Netzwerke<\/strong><br \/>\nEVIM nutzt die Social-Media-Plattformen Facebook, Youtube und Google+. Wir setzen auf unserer Webseite jedoch keine so genannten Social Media Plugins ein, die Inhalte der Sozialen Netzwerke auf der Seite ausspielen oder einen Login erm\u00f6glichen. Wir verlinken lediglich auf unsere Pr\u00e4senzen in den genannten sozialen Netzwerken. Hierbei wird lediglich wie bei jedem externen Link Ihre IP-Adresse \u00fcbermittelt (siehe Abschnitt &#8222;Links&#8220;), jedoch keinerlei pers\u00f6nliche Daten.<\/p>\n<p><strong>Datenschutzbeauftragter<\/strong><br \/>\nUnseren Beauftragten f\u00fcr den Datenschutz erreichen Sie unter der E-Mail- Adresse <a>datenschutzbeauftragter@evim.de<\/a><\/p>\n<p>Diese Datenschutzerkl\u00e4rung basiert auf einer Vorlage der<a href=\"http:\/\/www.schutzwerk.com\/\" target=\"_blank\" rel=\"noopener\"> Schutzwerk GmbH<\/a> und<a title=\"Datenschutzbeauftragter INFO\" href=\"http:\/\/www.datenschutzbeauftragter-info.de\/\" target=\"_blank\" rel=\"noopener\"> datenschutzbeauftragter-info.de<\/a>, die wir dankenswerter Weise verwenden d\u00fcrfen und die wir entsprechend unserer Anforderungen angepasst haben.<\/p>\n<\/div>\n<\/div>\n","protected":false},"excerpt":{"rendered":"<p>Einleitung \/ Verschwiegenheit der Mitarbeiter Der Schutz Ihrer pers\u00f6nlichen Daten ist ein wichtiger Punkt unserer t\u00e4glichen Arbeit. Grundlage bieten daf\u00fcr die Bestimmungen des Datenschutzgesetzes der Evangelischen Kirche in Deutschland (DSG-EKD), des Bundesdatenschutzgesetzes (BDSG) und andere datenschutzrechtliche Bestimmungen. Unsere Mitarbeiter sind &hellip; <a href=\"https:\/\/schule-fuer-kinder-beruflich-reisender.de\/?page_id=759\">Weiterlesen <span class=\"meta-nav\">&rarr;<\/span><\/a><\/p>\n","protected":false},"author":4,"featured_media":0,"parent":0,"menu_order":0,"comment_status":"closed","ping_status":"closed","template":"","meta":{"footnotes":""},"class_list":["post-759","page","type-page","status-publish","hentry"],"_links":{"self":[{"href":"https:\/\/schule-fuer-kinder-beruflich-reisender.de\/index.php?rest_route=\/wp\/v2\/pages\/759","targetHints":{"allow":["GET"]}}],"collection":[{"href":"https:\/\/schule-fuer-kinder-beruflich-reisender.de\/index.php?rest_route=\/wp\/v2\/pages"}],"about":[{"href":"https:\/\/schule-fuer-kinder-beruflich-reisender.de\/index.php?rest_route=\/wp\/v2\/types\/page"}],"author":[{"embeddable":true,"href":"https:\/\/schule-fuer-kinder-beruflich-reisender.de\/index.php?rest_route=\/wp\/v2\/users\/4"}],"replies":[{"embeddable":true,"href":"https:\/\/schule-fuer-kinder-beruflich-reisender.de\/index.php?rest_route=%2Fwp%2Fv2%2Fcomments&post=759"}],"version-history":[{"count":4,"href":"https:\/\/schule-fuer-kinder-beruflich-reisender.de\/index.php?rest_route=\/wp\/v2\/pages\/759\/revisions"}],"predecessor-version":[{"id":1111,"href":"https:\/\/schule-fuer-kinder-beruflich-reisender.de\/index.php?rest_route=\/wp\/v2\/pages\/759\/revisions\/1111"}],"wp:attachment":[{"href":"https:\/\/schule-fuer-kinder-beruflich-reisender.de\/index.php?rest_route=%2Fwp%2Fv2%2Fmedia&parent=759"}],"curies":[{"name":"wp","href":"https:\/\/api.w.org\/{rel}","templated":true}]}}