{"id":6,"date":"2015-07-13T11:11:24","date_gmt":"2015-07-13T11:11:24","guid":{"rendered":"http:\/\/sfkbr.apps-1and1.net\/?page_id=6"},"modified":"2022-03-14T15:37:47","modified_gmt":"2022-03-14T15:37:47","slug":"kinder","status":"publish","type":"page","link":"https:\/\/schule-fuer-kinder-beruflich-reisender.de\/?page_id=6","title":{"rendered":"Kinder beruflich Reisender"},"content":{"rendered":"\n<p><span style=\"font-size: medium;\">Kinder beruflich Reisender sind Sch\u00fclerinnen und Sch\u00fcler, die mit ihren elterlichen Unternehmen (Circus, Schausteller, Puppenspieler, etc.) mitreisen. Mit dem Standortwechsel der elterlichen Unternehmen <\/span><span style=\"color: #000000;\"><span style=\"font-size: medium;\">wechseln sie \u2013 meist w\u00f6chentlich &#8211; in eine andere Schule. <\/span><\/span><\/p>\n\n\n\n<p><strong>Die offizielle &#8222;Definition f\u00fcr Kinder beruflich Reisender&#8220; des 423. Schulausschuss vom 24.\/25.06.2021 finden Sie <a rel=\"noopener\" href=\"https:\/\/schule-fuer-kinder-beruflich-reisender.de\/2021\/07\/12\/definition-fuer-kinder-beruflich-reisender\/\" target=\"_blank\">hier<\/a>.<\/strong><\/p>\n\n\n\n<p><span style=\"color: #000000;\"><span style=\"font-size: medium;\">Das ist f\u00fcr beide Seiten eine gro\u00dfe Herausforderung: Neue Lehrkr\u00e4fte, neue Mitsch\u00fclerinnen und Mitsch\u00fcler, andere Lerninhalte\u2026 In den m<\/span><\/span><span style=\"font-size: medium;\">eisten L\u00e4ndern sind sie an einer Stammschule gemeldet und besuchen auf der Reise St\u00fctzpunktschulen in der N\u00e4he der Festpl\u00e4tze. <\/span><\/p>\n\n\n\n<p><span style=\"color: #000000;\"><span style=\"font-size: medium;\">Um diesen Kindern die h\u00e4ufigen Schulwechsel zu ersparen, ihnen mehr Kontinuit\u00e4t beim Lernen zu gew\u00e4hren und damit mehr Abschl\u00fcsse zu erreichen, hat das <a href=\"https:\/\/kultusministerium.hessen.de\">Hessische Kultusministerium<\/a> die<a href=\"http:\/\/www.evim.de\"> EVIM-Bildung gGmbH<\/a> beauftragt, eine mobile Schule f\u00fcr Kinder beruflich Reisender aufzubauen. Mit einem Konzept der aufsuchenden P\u00e4dagogik lernen die Kinder und Jugendlichen sowohl erfolgreich auf den Festpl\u00e4tzen als auch \u00fcber Fernunterricht. Mit den <a href=\"https:\/\/schule-fuer-kinder-beruflich-reisender.de\/das-team\/\">Lehrerinnen und Lehrern<\/a> der Schule f\u00fcr Kinder beruflich Reisenden haben sie vergleichbar feste Ansprechpartner als Lernbegleiter f\u00fcr ihr schulisches Fortkommen wie nichtreisende Kinder und Jugendliche auch.<\/span><\/span><\/p>\n\n\n\n<p><\/p>\n","protected":false},"excerpt":{"rendered":"<p>Kinder beruflich Reisender sind Sch\u00fclerinnen und Sch\u00fcler, die mit ihren elterlichen Unternehmen (Circus, Schausteller, Puppenspieler, etc.) mitreisen. Mit dem Standortwechsel der elterlichen Unternehmen wechseln sie \u2013 meist w\u00f6chentlich &#8211; in eine andere Schule. Die offizielle &#8222;Definition f\u00fcr Kinder beruflich Reisender&#8220; &hellip; <a href=\"https:\/\/schule-fuer-kinder-beruflich-reisender.de\/?page_id=6\">Weiterlesen <span class=\"meta-nav\">&rarr;<\/span><\/a><\/p>\n","protected":false},"author":4,"featured_media":150,"parent":0,"menu_order":0,"comment_status":"closed","ping_status":"closed","template":"","meta":{"footnotes":""},"class_list":["post-6","page","type-page","status-publish","has-post-thumbnail","hentry"],"_links":{"self":[{"href":"https:\/\/schule-fuer-kinder-beruflich-reisender.de\/index.php?rest_route=\/wp\/v2\/pages\/6","targetHints":{"allow":["GET"]}}],"collection":[{"href":"https:\/\/schule-fuer-kinder-beruflich-reisender.de\/index.php?rest_route=\/wp\/v2\/pages"}],"about":[{"href":"https:\/\/schule-fuer-kinder-beruflich-reisender.de\/index.php?rest_route=\/wp\/v2\/types\/page"}],"author":[{"embeddable":true,"href":"https:\/\/schule-fuer-kinder-beruflich-reisender.de\/index.php?rest_route=\/wp\/v2\/users\/4"}],"replies":[{"embeddable":true,"href":"https:\/\/schule-fuer-kinder-beruflich-reisender.de\/index.php?rest_route=%2Fwp%2Fv2%2Fcomments&post=6"}],"version-history":[{"count":13,"href":"https:\/\/schule-fuer-kinder-beruflich-reisender.de\/index.php?rest_route=\/wp\/v2\/pages\/6\/revisions"}],"predecessor-version":[{"id":1294,"href":"https:\/\/schule-fuer-kinder-beruflich-reisender.de\/index.php?rest_route=\/wp\/v2\/pages\/6\/revisions\/1294"}],"wp:featuredmedia":[{"embeddable":true,"href":"https:\/\/schule-fuer-kinder-beruflich-reisender.de\/index.php?rest_route=\/wp\/v2\/media\/150"}],"wp:attachment":[{"href":"https:\/\/schule-fuer-kinder-beruflich-reisender.de\/index.php?rest_route=%2Fwp%2Fv2%2Fmedia&parent=6"}],"curies":[{"name":"wp","href":"https:\/\/api.w.org\/{rel}","templated":true}]}}